{"id":286,"date":"2023-10-01T13:35:11","date_gmt":"2023-10-01T12:35:11","guid":{"rendered":"https:\/\/sou9dzair.com\/?post_type=product&#038;p=286"},"modified":"2025-02-22T12:40:32","modified_gmt":"2025-02-22T11:40:32","slug":"mycook-touch-intelligent-multifunction-food-processor","status":"publish","type":"product","link":"https:\/\/sou9dzair.com\/index.php\/product\/mycook-touch-intelligent-multifunction-food-processor\/","title":{"rendered":"Robot de cuisine multifonction intelligent"},"content":{"rendered":"<h2 dir=\"rtl\" style=\"text-align: center;\" data-placeholder=\"Translation\" data-ved=\"2ahUKEwiV5YCj3tSBAxW9VKQEHTJ8DfMQ3ewLegQICRAQ\"><span style=\"color: #008000;\"><strong>\u00a0\u0627\u0644\u0633\u0639\u0631: <\/strong><strong>14 \u0645\u0644\u064a\u0648\u0646 \u0648 \u062b\u0645\u0627\u0646\u0645\u0627\u0626\u0629<\/strong>\u00a0 \u00a0<\/span><\/h2>\n<h3 id=\"tw-target-text\" class=\"tw-data-text tw-text-large tw-ta\" dir=\"rtl\" data-placeholder=\"Translation\" data-ved=\"2ahUKEwiV5YCj3tSBAxW9VKQEHTJ8DfMQ3ewLegQICRAQ\"><img fetchpriority=\"high\" decoding=\"async\" class=\" wp-image-2146 aligncenter\" src=\"https:\/\/sou9dzair.com\/wp-content\/uploads\/2023\/10\/\u0636\u0645\u0627\u0646-\u0627\u0644\u0645\u0646\u062a\u062c-\u0644\u0645\u062f\u0629-\u0633\u0646\u062a\u064a\u0646-500-x-250-px-300x150.png\" alt=\"\" width=\"338\" height=\"169\" srcset=\"https:\/\/sou9dzair.com\/wp-content\/uploads\/2023\/10\/\u0636\u0645\u0627\u0646-\u0627\u0644\u0645\u0646\u062a\u062c-\u0644\u0645\u062f\u0629-\u0633\u0646\u062a\u064a\u0646-500-x-250-px-300x150.png 300w, https:\/\/sou9dzair.com\/wp-content\/uploads\/2023\/10\/\u0636\u0645\u0627\u0646-\u0627\u0644\u0645\u0646\u062a\u062c-\u0644\u0645\u062f\u0629-\u0633\u0646\u062a\u064a\u0646-500-x-250-px-1024x512.png 1024w, https:\/\/sou9dzair.com\/wp-content\/uploads\/2023\/10\/\u0636\u0645\u0627\u0646-\u0627\u0644\u0645\u0646\u062a\u062c-\u0644\u0645\u062f\u0629-\u0633\u0646\u062a\u064a\u0646-500-x-250-px-768x384.png 768w, https:\/\/sou9dzair.com\/wp-content\/uploads\/2023\/10\/\u0636\u0645\u0627\u0646-\u0627\u0644\u0645\u0646\u062a\u062c-\u0644\u0645\u062f\u0629-\u0633\u0646\u062a\u064a\u0646-500-x-250-px-690x345.png 690w, https:\/\/sou9dzair.com\/wp-content\/uploads\/2023\/10\/\u0636\u0645\u0627\u0646-\u0627\u0644\u0645\u0646\u062a\u062c-\u0644\u0645\u062f\u0629-\u0633\u0646\u062a\u064a\u0646-500-x-250-px.png 1061w\" sizes=\"(max-width: 338px) 100vw, 338px\" \/><\/h3>\n<h3 class=\"tw-data-text tw-text-large tw-ta\" dir=\"rtl\" style=\"text-align: center;\" data-placeholder=\"Translation\" data-ved=\"2ahUKEwiV5YCj3tSBAxW9VKQEHTJ8DfMQ3ewLegQICRAQ\"><span class=\"Y2IQFc\" lang=\"ar\"><strong>\u0622\u0644\u0629 \u0627\u0644\u0637\u0628\u062e \u0627\u0644\u0627\u0648\u062a\u0648\u0645\u0627\u062a\u064a\u0643\u064a\u0629 \u0627\u0644\u0622\u0644\u064a\u0629 \u0627\u0644\u0645\u0632\u0648\u062f\u0629 \u0628\u0627\u0644\u062a\u0642\u0646\u064a\u0627\u062a \u0627\u0644\u0630\u0643\u064a\u0629<\/strong><\/span><\/h3>\n<h3 class=\"tw-data-text tw-text-large tw-ta\" dir=\"rtl\" data-placeholder=\"Translation\" data-ved=\"2ahUKEwiV5YCj3tSBAxW9VKQEHTJ8DfMQ3ewLegQICRAQ\"><img decoding=\"async\" class=\" wp-image-593 aligncenter\" src=\"https:\/\/sou9dzair.com\/wp-content\/uploads\/2023\/10\/Ajouter-un-titre-300x300.png\" alt=\"\" width=\"394\" height=\"394\" srcset=\"https:\/\/sou9dzair.com\/wp-content\/uploads\/2023\/10\/Ajouter-un-titre-300x300.png 300w, https:\/\/sou9dzair.com\/wp-content\/uploads\/2023\/10\/Ajouter-un-titre-1024x1024.png 1024w, https:\/\/sou9dzair.com\/wp-content\/uploads\/2023\/10\/Ajouter-un-titre-150x150.png 150w, https:\/\/sou9dzair.com\/wp-content\/uploads\/2023\/10\/Ajouter-un-titre-768x768.png 768w, https:\/\/sou9dzair.com\/wp-content\/uploads\/2023\/10\/Ajouter-un-titre-1536x1536.png 1536w, https:\/\/sou9dzair.com\/wp-content\/uploads\/2023\/10\/Ajouter-un-titre-2048x2048.png 2048w, https:\/\/sou9dzair.com\/wp-content\/uploads\/2023\/10\/Ajouter-un-titre-630x630.png 630w, https:\/\/sou9dzair.com\/wp-content\/uploads\/2023\/10\/Ajouter-un-titre-520x520.png 520w, https:\/\/sou9dzair.com\/wp-content\/uploads\/2023\/10\/Ajouter-un-titre-90x90.png 90w, https:\/\/sou9dzair.com\/wp-content\/uploads\/2023\/10\/Ajouter-un-titre-100x100.png 100w, https:\/\/sou9dzair.com\/wp-content\/uploads\/2023\/10\/Ajouter-un-titre-690x690.png 690w, https:\/\/sou9dzair.com\/wp-content\/uploads\/2023\/10\/Ajouter-un-titre-160x160.png 160w\" sizes=\"(max-width: 394px) 100vw, 394px\" \/><\/h3>\n<h3 class=\"tw-data-text tw-text-large tw-ta\" dir=\"rtl\" style=\"text-align: center;\" data-placeholder=\"Translation\" data-ved=\"2ahUKEwiV5YCj3tSBAxW9VKQEHTJ8DfMQ3ewLegQICRAQ\"><span class=\"Y2IQFc\" lang=\"ar\"><strong>\u0627\u062a\u0635\u0627\u0644 Wi-Fi \u0645\u0645\u0627 \u064a\u062a\u064a\u062d \u0644\u0643 \u0627\u0644\u062a\u0641\u0627\u0639\u0644 \u0645\u0639 \u0647\u0627\u062a\u0641\u0643 \u0627\u0644\u0630\u0643\u064a \u0623\u0648 \u062c\u0647\u0627\u0632\u0643 \u0627\u0644\u0644\u0648\u062d\u064a.<\/strong><\/span><\/h3>\n<p><img decoding=\"async\" class=\"alignnone size-medium wp-image-594 alignright\" src=\"https:\/\/sou9dzair.com\/wp-content\/uploads\/2023\/10\/mycook2-1-200x300.jpg\" alt=\"\" width=\"200\" height=\"300\" srcset=\"https:\/\/sou9dzair.com\/wp-content\/uploads\/2023\/10\/mycook2-1-200x300.jpg 200w, https:\/\/sou9dzair.com\/wp-content\/uploads\/2023\/10\/mycook2-1-683x1024.jpg 683w, https:\/\/sou9dzair.com\/wp-content\/uploads\/2023\/10\/mycook2-1-690x1035.jpg 690w, https:\/\/sou9dzair.com\/wp-content\/uploads\/2023\/10\/mycook2-1.jpg 768w\" sizes=\"(max-width: 200px) 100vw, 200px\" \/><\/p>\n<ul>\n<li>\n<h4><strong>Fonctions sp\u00e9ciales: <\/strong><\/h4>\n<\/li>\n<li>\n<h5>Balance, saut\u00e9, p\u00e9trissage et turbo<\/h5>\n<\/li>\n<li>\n<h5>\u00c9cran tactile de 7 pouces<\/h5>\n<\/li>\n<li>\n<h5>Connexion Wi-Fi int\u00e9gr\u00e9e<\/h5>\n<\/li>\n<li>\n<h5>\u00ab\u00a0Cloud\u00a0\u00bb qui permet la connectivit\u00e9 et l&rsquo;op\u00e9rabilit\u00e9 multi-appareils<\/h5>\n<\/li>\n<\/ul>\n<p>&nbsp;<\/p>\n<h3 class=\"tw-data-text tw-text-large tw-ta\" dir=\"rtl\" style=\"text-align: center;\" data-placeholder=\"Translation\" data-ved=\"2ahUKEwiV5YCj3tSBAxW9VKQEHTJ8DfMQ3ewLegQICRAQ\"><span class=\"Y2IQFc\" lang=\"ar\"><strong>\u0634\u0627\u0634\u0629 \u062a\u0639\u0645\u0644 \u0628\u0627\u0644\u0644\u0645\u0633 \u0642\u0627\u0628\u0644\u0629 \u0644\u0644\u062a\u062e\u0635\u064a\u0635 \u0628\u0646\u0633\u0628\u0629 100%<\/strong><\/span><\/h3>\n<p><img loading=\"lazy\" decoding=\"async\" class=\" wp-image-596 aligncenter\" src=\"https:\/\/sou9dzair.com\/wp-content\/uploads\/2023\/10\/\u041a\u0430\u043a-Mycook-Touch-Jedani-\u0443\u043c\u0435\u0435\u0442-\u0434\u0435\u043b\u0430\u0442\u044c-\u043a\u0443\u043b\u0438\u043d\u0430\u0440\u043d\u044b\u0445-\u0432\u043e\u043b\u0448\u0435\u0431\u043d\u0438\u043a\u043e\u0432-\u0434\u0430\u0436.\u0435\u0445.-\u0412\u043e\u0442-\u043f\u043e\u0447\u0435\u043c\u0443-\u041f\u0440\u043e\u0441\u0442\u043e\u0442\u0430-\u0438-\u0431\u0435\u0437\u043e\u043f\u0430\u0441\u043d\u043e\u0441\u0442\u044c-Mycook-Touch-Jedani-\u043e\u0431\u043e\u0440\u0443\u0434\u043e\u0432\u0430\u043d\u0430-\u0438\u043d\u0442\u0443-300x300.jpg\" alt=\"\" width=\"379\" height=\"379\" srcset=\"https:\/\/sou9dzair.com\/wp-content\/uploads\/2023\/10\/\u041a\u0430\u043a-Mycook-Touch-Jedani-\u0443\u043c\u0435\u0435\u0442-\u0434\u0435\u043b\u0430\u0442\u044c-\u043a\u0443\u043b\u0438\u043d\u0430\u0440\u043d\u044b\u0445-\u0432\u043e\u043b\u0448\u0435\u0431\u043d\u0438\u043a\u043e\u0432-\u0434\u0430\u0436.\u0435\u0445.-\u0412\u043e\u0442-\u043f\u043e\u0447\u0435\u043c\u0443-\u041f\u0440\u043e\u0441\u0442\u043e\u0442\u0430-\u0438-\u0431\u0435\u0437\u043e\u043f\u0430\u0441\u043d\u043e\u0441\u0442\u044c-Mycook-Touch-Jedani-\u043e\u0431\u043e\u0440\u0443\u0434\u043e\u0432\u0430\u043d\u0430-\u0438\u043d\u0442\u0443-300x300.jpg 300w, https:\/\/sou9dzair.com\/wp-content\/uploads\/2023\/10\/\u041a\u0430\u043a-Mycook-Touch-Jedani-\u0443\u043c\u0435\u0435\u0442-\u0434\u0435\u043b\u0430\u0442\u044c-\u043a\u0443\u043b\u0438\u043d\u0430\u0440\u043d\u044b\u0445-\u0432\u043e\u043b\u0448\u0435\u0431\u043d\u0438\u043a\u043e\u0432-\u0434\u0430\u0436.\u0435\u0445.-\u0412\u043e\u0442-\u043f\u043e\u0447\u0435\u043c\u0443-\u041f\u0440\u043e\u0441\u0442\u043e\u0442\u0430-\u0438-\u0431\u0435\u0437\u043e\u043f\u0430\u0441\u043d\u043e\u0441\u0442\u044c-Mycook-Touch-Jedani-\u043e\u0431\u043e\u0440\u0443\u0434\u043e\u0432\u0430\u043d\u0430-\u0438\u043d\u0442\u0443-1024x1024.jpg 1024w, https:\/\/sou9dzair.com\/wp-content\/uploads\/2023\/10\/\u041a\u0430\u043a-Mycook-Touch-Jedani-\u0443\u043c\u0435\u0435\u0442-\u0434\u0435\u043b\u0430\u0442\u044c-\u043a\u0443\u043b\u0438\u043d\u0430\u0440\u043d\u044b\u0445-\u0432\u043e\u043b\u0448\u0435\u0431\u043d\u0438\u043a\u043e\u0432-\u0434\u0430\u0436.\u0435\u0445.-\u0412\u043e\u0442-\u043f\u043e\u0447\u0435\u043c\u0443-\u041f\u0440\u043e\u0441\u0442\u043e\u0442\u0430-\u0438-\u0431\u0435\u0437\u043e\u043f\u0430\u0441\u043d\u043e\u0441\u0442\u044c-Mycook-Touch-Jedani-\u043e\u0431\u043e\u0440\u0443\u0434\u043e\u0432\u0430\u043d\u0430-\u0438\u043d\u0442\u0443-150x150.jpg 150w, https:\/\/sou9dzair.com\/wp-content\/uploads\/2023\/10\/\u041a\u0430\u043a-Mycook-Touch-Jedani-\u0443\u043c\u0435\u0435\u0442-\u0434\u0435\u043b\u0430\u0442\u044c-\u043a\u0443\u043b\u0438\u043d\u0430\u0440\u043d\u044b\u0445-\u0432\u043e\u043b\u0448\u0435\u0431\u043d\u0438\u043a\u043e\u0432-\u0434\u0430\u0436.\u0435\u0445.-\u0412\u043e\u0442-\u043f\u043e\u0447\u0435\u043c\u0443-\u041f\u0440\u043e\u0441\u0442\u043e\u0442\u0430-\u0438-\u0431\u0435\u0437\u043e\u043f\u0430\u0441\u043d\u043e\u0441\u0442\u044c-Mycook-Touch-Jedani-\u043e\u0431\u043e\u0440\u0443\u0434\u043e\u0432\u0430\u043d\u0430-\u0438\u043d\u0442\u0443-768x768.jpg 768w, https:\/\/sou9dzair.com\/wp-content\/uploads\/2023\/10\/\u041a\u0430\u043a-Mycook-Touch-Jedani-\u0443\u043c\u0435\u0435\u0442-\u0434\u0435\u043b\u0430\u0442\u044c-\u043a\u0443\u043b\u0438\u043d\u0430\u0440\u043d\u044b\u0445-\u0432\u043e\u043b\u0448\u0435\u0431\u043d\u0438\u043a\u043e\u0432-\u0434\u0430\u0436.\u0435\u0445.-\u0412\u043e\u0442-\u043f\u043e\u0447\u0435\u043c\u0443-\u041f\u0440\u043e\u0441\u0442\u043e\u0442\u0430-\u0438-\u0431\u0435\u0437\u043e\u043f\u0430\u0441\u043d\u043e\u0441\u0442\u044c-Mycook-Touch-Jedani-\u043e\u0431\u043e\u0440\u0443\u0434\u043e\u0432\u0430\u043d\u0430-\u0438\u043d\u0442\u0443-630x630.jpg 630w, https:\/\/sou9dzair.com\/wp-content\/uploads\/2023\/10\/\u041a\u0430\u043a-Mycook-Touch-Jedani-\u0443\u043c\u0435\u0435\u0442-\u0434\u0435\u043b\u0430\u0442\u044c-\u043a\u0443\u043b\u0438\u043d\u0430\u0440\u043d\u044b\u0445-\u0432\u043e\u043b\u0448\u0435\u0431\u043d\u0438\u043a\u043e\u0432-\u0434\u0430\u0436.\u0435\u0445.-\u0412\u043e\u0442-\u043f\u043e\u0447\u0435\u043c\u0443-\u041f\u0440\u043e\u0441\u0442\u043e\u0442\u0430-\u0438-\u0431\u0435\u0437\u043e\u043f\u0430\u0441\u043d\u043e\u0441\u0442\u044c-Mycook-Touch-Jedani-\u043e\u0431\u043e\u0440\u0443\u0434\u043e\u0432\u0430\u043d\u0430-\u0438\u043d\u0442\u0443-520x520.jpg 520w, https:\/\/sou9dzair.com\/wp-content\/uploads\/2023\/10\/\u041a\u0430\u043a-Mycook-Touch-Jedani-\u0443\u043c\u0435\u0435\u0442-\u0434\u0435\u043b\u0430\u0442\u044c-\u043a\u0443\u043b\u0438\u043d\u0430\u0440\u043d\u044b\u0445-\u0432\u043e\u043b\u0448\u0435\u0431\u043d\u0438\u043a\u043e\u0432-\u0434\u0430\u0436.\u0435\u0445.-\u0412\u043e\u0442-\u043f\u043e\u0447\u0435\u043c\u0443-\u041f\u0440\u043e\u0441\u0442\u043e\u0442\u0430-\u0438-\u0431\u0435\u0437\u043e\u043f\u0430\u0441\u043d\u043e\u0441\u0442\u044c-Mycook-Touch-Jedani-\u043e\u0431\u043e\u0440\u0443\u0434\u043e\u0432\u0430\u043d\u0430-\u0438\u043d\u0442\u0443-90x90.jpg 90w, https:\/\/sou9dzair.com\/wp-content\/uploads\/2023\/10\/\u041a\u0430\u043a-Mycook-Touch-Jedani-\u0443\u043c\u0435\u0435\u0442-\u0434\u0435\u043b\u0430\u0442\u044c-\u043a\u0443\u043b\u0438\u043d\u0430\u0440\u043d\u044b\u0445-\u0432\u043e\u043b\u0448\u0435\u0431\u043d\u0438\u043a\u043e\u0432-\u0434\u0430\u0436.\u0435\u0445.-\u0412\u043e\u0442-\u043f\u043e\u0447\u0435\u043c\u0443-\u041f\u0440\u043e\u0441\u0442\u043e\u0442\u0430-\u0438-\u0431\u0435\u0437\u043e\u043f\u0430\u0441\u043d\u043e\u0441\u0442\u044c-Mycook-Touch-Jedani-\u043e\u0431\u043e\u0440\u0443\u0434\u043e\u0432\u0430\u043d\u0430-\u0438\u043d\u0442\u0443-100x100.jpg 100w, https:\/\/sou9dzair.com\/wp-content\/uploads\/2023\/10\/\u041a\u0430\u043a-Mycook-Touch-Jedani-\u0443\u043c\u0435\u0435\u0442-\u0434\u0435\u043b\u0430\u0442\u044c-\u043a\u0443\u043b\u0438\u043d\u0430\u0440\u043d\u044b\u0445-\u0432\u043e\u043b\u0448\u0435\u0431\u043d\u0438\u043a\u043e\u0432-\u0434\u0430\u0436.\u0435\u0445.-\u0412\u043e\u0442-\u043f\u043e\u0447\u0435\u043c\u0443-\u041f\u0440\u043e\u0441\u0442\u043e\u0442\u0430-\u0438-\u0431\u0435\u0437\u043e\u043f\u0430\u0441\u043d\u043e\u0441\u0442\u044c-Mycook-Touch-Jedani-\u043e\u0431\u043e\u0440\u0443\u0434\u043e\u0432\u0430\u043d\u0430-\u0438\u043d\u0442\u0443-690x690.jpg 690w, https:\/\/sou9dzair.com\/wp-content\/uploads\/2023\/10\/\u041a\u0430\u043a-Mycook-Touch-Jedani-\u0443\u043c\u0435\u0435\u0442-\u0434\u0435\u043b\u0430\u0442\u044c-\u043a\u0443\u043b\u0438\u043d\u0430\u0440\u043d\u044b\u0445-\u0432\u043e\u043b\u0448\u0435\u0431\u043d\u0438\u043a\u043e\u0432-\u0434\u0430\u0436.\u0435\u0445.-\u0412\u043e\u0442-\u043f\u043e\u0447\u0435\u043c\u0443-\u041f\u0440\u043e\u0441\u0442\u043e\u0442\u0430-\u0438-\u0431\u0435\u0437\u043e\u043f\u0430\u0441\u043d\u043e\u0441\u0442\u044c-Mycook-Touch-Jedani-\u043e\u0431\u043e\u0440\u0443\u0434\u043e\u0432\u0430\u043d\u0430-\u0438\u043d\u0442\u0443-160x160.jpg 160w, https:\/\/sou9dzair.com\/wp-content\/uploads\/2023\/10\/\u041a\u0430\u043a-Mycook-Touch-Jedani-\u0443\u043c\u0435\u0435\u0442-\u0434\u0435\u043b\u0430\u0442\u044c-\u043a\u0443\u043b\u0438\u043d\u0430\u0440\u043d\u044b\u0445-\u0432\u043e\u043b\u0448\u0435\u0431\u043d\u0438\u043a\u043e\u0432-\u0434\u0430\u0436.\u0435\u0445.-\u0412\u043e\u0442-\u043f\u043e\u0447\u0435\u043c\u0443-\u041f\u0440\u043e\u0441\u0442\u043e\u0442\u0430-\u0438-\u0431\u0435\u0437\u043e\u043f\u0430\u0441\u043d\u043e\u0441\u0442\u044c-Mycook-Touch-Jedani-\u043e\u0431\u043e\u0440\u0443\u0434\u043e\u0432\u0430\u043d\u0430-\u0438\u043d\u0442\u0443.jpg 1080w\" sizes=\"(max-width: 379px) 100vw, 379px\" \/><\/p>\n<ul>\n<li>Connexion multi-appareils. Se connecte \u00e0 votre tablette et smartphone<\/li>\n<li>2 modes de cuisson : manuel et guid\u00e9<\/li>\n<li>Recettes illimit\u00e9es et gratuites<\/li>\n<\/ul>\n<h3 class=\"tw-data-text tw-text-large tw-ta\" dir=\"rtl\" style=\"text-align: center;\" data-placeholder=\"Translation\" data-ved=\"2ahUKEwiV5YCj3tSBAxW9VKQEHTJ8DfMQ3ewLegQICRAQ\"><span class=\"Y2IQFc\" lang=\"ar\"><strong>\u0625\u0645\u0643\u0627\u0646\u064a\u0629 \u0627\u0644\u0648\u0635\u0648\u0644 \u0625\u0644\u0649 \u0639\u062f\u062f \u063a\u064a\u0631 \u0645\u062d\u062f\u0648\u062f \u0645\u0646 \u0627\u0644\u0648\u0635\u0641\u0627\u062a \u0645\u0639 \u0645\u064a\u0632\u0629 \u0627\u0644\u0648\u0636\u0639 \u0627\u0644\u064a\u062f\u0648\u064a \u0648 \u0627\u0644\u0627\u0648\u062a\u0648\u0645\u0627\u062a\u064a\u0643\u064a\u060c \u0648\u0627\u0633\u062a\u0639\u0645\u0627\u0644 \u0628\u0631\u0646\u0627\u0645\u062c \u0627\u0644\u0648\u0635\u0641\u0627\u062a \u0627\u0644\u062c\u0627\u0647\u0632\u0629 \u0648 \u0627\u0644\u0645\u0648\u062c\u0647\u0629.<\/strong><\/span><\/h3>\n<p><img loading=\"lazy\" decoding=\"async\" class=\" wp-image-599 aligncenter\" src=\"https:\/\/sou9dzair.com\/wp-content\/uploads\/2023\/10\/403809900_548172337515976_2205912482838102283_n-240x300.jpg\" alt=\"\" width=\"328\" height=\"410\" srcset=\"https:\/\/sou9dzair.com\/wp-content\/uploads\/2023\/10\/403809900_548172337515976_2205912482838102283_n-240x300.jpg 240w, https:\/\/sou9dzair.com\/wp-content\/uploads\/2023\/10\/403809900_548172337515976_2205912482838102283_n-819x1024.jpg 819w, https:\/\/sou9dzair.com\/wp-content\/uploads\/2023\/10\/403809900_548172337515976_2205912482838102283_n-768x960.jpg 768w, https:\/\/sou9dzair.com\/wp-content\/uploads\/2023\/10\/403809900_548172337515976_2205912482838102283_n-690x863.jpg 690w, https:\/\/sou9dzair.com\/wp-content\/uploads\/2023\/10\/403809900_548172337515976_2205912482838102283_n.jpg 1080w\" sizes=\"(max-width: 328px) 100vw, 328px\" \/><\/p>\n<ul>\n<li>Tri des recettes et filtres de recherche avanc\u00e9s<\/li>\n<li>Club Mycook<\/li>\n<li>Robot cuiseur intelligent multifonction<\/li>\n<li>Induction Technology: Cuisson par induction<\/li>\n<li>Temperatura m\u0087xima de 140\u00ba<\/li>\n<\/ul>\n<p><img loading=\"lazy\" decoding=\"async\" class=\"alignnone wp-image-595\" src=\"https:\/\/sou9dzair.com\/wp-content\/uploads\/2023\/10\/Prueba-MyCook-Touch-1-300x191.png\" alt=\"\" width=\"382\" height=\"243\" srcset=\"https:\/\/sou9dzair.com\/wp-content\/uploads\/2023\/10\/Prueba-MyCook-Touch-1-300x191.png 300w, https:\/\/sou9dzair.com\/wp-content\/uploads\/2023\/10\/Prueba-MyCook-Touch-1.png 628w\" sizes=\"(max-width: 382px) 100vw, 382px\" \/><\/p>\n","protected":false},"excerpt":{"rendered":"<p>\u00a0\u0627\u0644\u0633\u0639\u0631: 14 \u0645\u0644\u064a\u0648\u0646 \u0648 \u062b\u0645\u0627\u0646\u0645\u0627\u0626\u0629\u00a0 \u00a0 \u0622\u0644\u0629 \u0627\u0644\u0637\u0628\u062e \u0627\u0644\u0627\u0648\u062a\u0648\u0645\u0627\u062a\u064a\u0643\u064a\u0629 \u0627\u0644\u0622\u0644\u064a\u0629 \u0627\u0644\u0645\u0632\u0648\u062f\u0629 \u0628\u0627\u0644\u062a\u0642\u0646\u064a\u0627\u062a \u0627\u0644\u0630\u0643\u064a\u0629 \u0627\u062a\u0635\u0627\u0644 Wi-Fi \u0645\u0645\u0627 \u064a\u062a\u064a\u062d \u0644\u0643 \u0627\u0644\u062a\u0641\u0627\u0639\u0644 \u0645\u0639 \u0647\u0627\u062a\u0641\u0643 \u0627\u0644\u0630\u0643\u064a \u0623\u0648 \u062c\u0647\u0627\u0632\u0643 \u0627\u0644\u0644\u0648\u062d\u064a. Fonctions sp\u00e9ciales: Balance, saut\u00e9, p\u00e9trissage et turbo \u00c9cran tactile de 7 pouces Connexion Wi-Fi int\u00e9gr\u00e9e \u00ab\u00a0Cloud\u00a0\u00bb qui permet la connectivit\u00e9 et l&rsquo;op\u00e9rabilit\u00e9 multi-appareils &nbsp; \u0634\u0627\u0634\u0629 \u062a\u0639\u0645\u0644 \u0628\u0627\u0644\u0644\u0645\u0633 \u0642\u0627\u0628\u0644\u0629 \u0644\u0644\u062a\u062e\u0635\u064a\u0635 \u0628\u0646\u0633\u0628\u0629 [&hellip;]<\/p>\n","protected":false},"featured_media":287,"template":"","meta":[],"product_brand":[],"product_cat":[15],"product_tag":[],"class_list":{"0":"post-286","1":"product","2":"type-product","3":"status-publish","4":"has-post-thumbnail","6":"product_cat-uncategorized","8":"first","9":"instock","10":"sale","11":"shipping-taxable","12":"purchasable","13":"product-type-simple"},"aioseo_notices":[],"_links":{"self":[{"href":"https:\/\/sou9dzair.com\/index.php\/wp-json\/wp\/v2\/product\/286","targetHints":{"allow":["GET"]}}],"collection":[{"href":"https:\/\/sou9dzair.com\/index.php\/wp-json\/wp\/v2\/product"}],"about":[{"href":"https:\/\/sou9dzair.com\/index.php\/wp-json\/wp\/v2\/types\/product"}],"wp:featuredmedia":[{"embeddable":true,"href":"https:\/\/sou9dzair.com\/index.php\/wp-json\/wp\/v2\/media\/287"}],"wp:attachment":[{"href":"https:\/\/sou9dzair.com\/index.php\/wp-json\/wp\/v2\/media?parent=286"}],"wp:term":[{"taxonomy":"product_brand","embeddable":true,"href":"https:\/\/sou9dzair.com\/index.php\/wp-json\/wp\/v2\/product_brand?post=286"},{"taxonomy":"product_cat","embeddable":true,"href":"https:\/\/sou9dzair.com\/index.php\/wp-json\/wp\/v2\/product_cat?post=286"},{"taxonomy":"product_tag","embeddable":true,"href":"https:\/\/sou9dzair.com\/index.php\/wp-json\/wp\/v2\/product_tag?post=286"}],"curies":[{"name":"wp","href":"https:\/\/api.w.org\/{rel}","templated":true}]}}