{"id":2212,"date":"2025-01-27T15:03:43","date_gmt":"2025-01-27T14:03:43","guid":{"rendered":"https:\/\/sou9dzair.com\/?post_type=product&#038;p=2212"},"modified":"2025-01-27T15:11:39","modified_gmt":"2025-01-27T14:11:39","slug":"remington-lisseur-cheveux-innovation-capteur-de-protection-contre-la-chaleur-keratin-therapy-soin-keratine-huile-damande-ceramique-ecran-lcd-160-230c-pochette-fer-a-lisser-s8593","status":"publish","type":"product","link":"https:\/\/sou9dzair.com\/index.php\/product\/remington-lisseur-cheveux-innovation-capteur-de-protection-contre-la-chaleur-keratin-therapy-soin-keratine-huile-damande-ceramique-ecran-lcd-160-230c-pochette-fer-a-lisser-s8593\/","title":{"rendered":"Remington Lisseur Cheveux [Innovation: Capteur de Protection contre la chaleur] Keratin Therapy (Soin K\u00e9ratine &#038; Huile d&rsquo;Amande, C\u00e9ramique, Ecran LCD, 160-230\u00b0C, pochette) Fer \u00e0 lisser S8593"},"content":{"rendered":"<table class=\"a-normal a-spacing-micro aligncenter\" style=\"height: 199px;\" width=\"281\">\n<tbody>\n<tr class=\"a-spacing-small po-product_benefit\">\n<td class=\"a-span3\"><span class=\"a-size-base a-text-bold\">Avantages du produit<\/span><\/td>\n<td class=\"a-span9\"><span class=\"a-size-base po-break-word\">Lissage<\/span><\/td>\n<\/tr>\n<tr class=\"a-spacing-small po-item_shape\">\n<td class=\"a-span3\"><span class=\"a-size-base a-text-bold\">Forme<\/span><\/td>\n<td class=\"a-span9\"><span class=\"a-size-base po-break-word\">Plate<\/span><\/td>\n<\/tr>\n<tr class=\"a-spacing-small po-brand\">\n<td class=\"a-span3\"><span class=\"a-size-base a-text-bold\">Marque<\/span><\/td>\n<td class=\"a-span9\"><span class=\"a-size-base po-break-word\">Remington<\/span><\/td>\n<\/tr>\n<tr class=\"a-spacing-small po-hair_type\">\n<td class=\"a-span3\"><span class=\"a-size-base a-text-bold\">Type de cheveux<\/span><\/td>\n<td class=\"a-span9\" style=\"text-align: center;\"><span class=\"a-size-base po-break-word\">Tous<\/span><\/td>\n<\/tr>\n<tr class=\"a-spacing-small po-material\">\n<td class=\"a-span3\"><span class=\"a-size-base a-text-bold\">Mat\u00e9riau<\/span><\/td>\n<td class=\"a-span9\"><span class=\"a-size-base po-break-word\">C\u00e9ramique<\/span><\/td>\n<\/tr>\n<tr class=\"a-spacing-small po-color\">\n<td class=\"a-span3\"><span class=\"a-size-base a-text-bold\">Couleur<\/span><\/td>\n<td class=\"a-span9\"><span class=\"a-size-base po-break-word\">Argent\u00e9<\/span><\/td>\n<\/tr>\n<tr class=\"a-spacing-small po-size\">\n<td class=\"a-span3\"><span class=\"a-size-base a-text-bold\">Taille<\/span><\/td>\n<td class=\"a-span9\"><span class=\"a-size-base po-break-word\">taille unique<\/span><\/td>\n<\/tr>\n<\/tbody>\n<\/table>\n<h1 class=\"a-size-base-plus a-text-bold\" style=\"text-align: center;\">\u00c0 propos de cet article<\/h1>\n<ul class=\"a-unordered-list a-vertical a-spacing-mini\">\n<li class=\"a-spacing-mini\" style=\"text-align: left;\"><span class=\"a-list-item\">Rev\u00eatement Advanced Ceramic avec diffuseur d&rsquo;un soin k\u00e9ratine Cheveux prot\u00e9g\u00e9s gr\u00e2ce \u00e0 la technologie exclusive de protection par la k\u00e9ratine<\/span><\/li>\n<li class=\"a-spacing-mini\" style=\"text-align: left;\"><span class=\"a-list-item\">Plaque disposant d&rsquo;un syst\u00e8me d&rsquo;amortissement, pour une pression sur les cheveux r\u00e9partie de fa\u00e7on r\u00e9guli\u00e8re Capteur de protection contre la chaleur innovant<\/span><\/li>\n<li class=\"a-spacing-mini\" style=\"text-align: left;\"><span class=\"a-list-item\">Affichage num\u00e9rique int\u00e9gr\u00e9 5 r\u00e9glages de temp\u00e9rature de 160 et 230 \u00b0C Syst\u00e8me de verrouillage pour emp\u00eacher une modification accidentelle de la temp\u00e9rature<\/span><\/li>\n<li class=\"a-spacing-mini\" style=\"text-align: left;\"><span class=\"a-list-item\">Pr\u00eat en 15 secondes Arr\u00eat automatique de s\u00e9curit\u00e9 apr\u00e8s 60 min<\/span><\/li>\n<li class=\"a-spacing-mini\" style=\"text-align: left;\"><span class=\"a-list-item\">Pochette de protection thermor\u00e9sistante<\/span><img fetchpriority=\"high\" decoding=\"async\" class=\" wp-image-2217 aligncenter\" src=\"https:\/\/sou9dzair.com\/wp-content\/uploads\/2025\/01\/61DKDT6NfhL._AC_SX679_-300x300.jpg\" alt=\"\" width=\"361\" height=\"361\" srcset=\"https:\/\/sou9dzair.com\/wp-content\/uploads\/2025\/01\/61DKDT6NfhL._AC_SX679_-300x300.jpg 300w, https:\/\/sou9dzair.com\/wp-content\/uploads\/2025\/01\/61DKDT6NfhL._AC_SX679_-150x150.jpg 150w, https:\/\/sou9dzair.com\/wp-content\/uploads\/2025\/01\/61DKDT6NfhL._AC_SX679_-630x630.jpg 630w, https:\/\/sou9dzair.com\/wp-content\/uploads\/2025\/01\/61DKDT6NfhL._AC_SX679_-90x90.jpg 90w, https:\/\/sou9dzair.com\/wp-content\/uploads\/2025\/01\/61DKDT6NfhL._AC_SX679_-100x100.jpg 100w, https:\/\/sou9dzair.com\/wp-content\/uploads\/2025\/01\/61DKDT6NfhL._AC_SX679_-160x160.jpg 160w, https:\/\/sou9dzair.com\/wp-content\/uploads\/2025\/01\/61DKDT6NfhL._AC_SX679_.jpg 679w\" sizes=\"(max-width: 361px) 100vw, 361px\" \/><\/li>\n<\/ul>\n","protected":false},"excerpt":{"rendered":"<p>Avantages du produit Lissage Forme Plate Marque Remington Type de cheveux Tous Mat\u00e9riau C\u00e9ramique Couleur Argent\u00e9 Taille taille unique \u00c0 propos de cet article Rev\u00eatement Advanced Ceramic avec diffuseur d&rsquo;un soin k\u00e9ratine Cheveux prot\u00e9g\u00e9s gr\u00e2ce \u00e0 la technologie exclusive de protection par la k\u00e9ratine Plaque disposant d&rsquo;un syst\u00e8me d&rsquo;amortissement, pour une pression sur les cheveux [&hellip;]<\/p>\n","protected":false},"featured_media":2213,"template":"","meta":[],"product_brand":[],"product_cat":[15],"product_tag":[],"class_list":{"0":"post-2212","1":"product","2":"type-product","3":"status-publish","4":"has-post-thumbnail","6":"product_cat-uncategorized","8":"first","9":"instock","10":"shipping-taxable","11":"purchasable","12":"product-type-simple"},"aioseo_notices":[],"_links":{"self":[{"href":"https:\/\/sou9dzair.com\/index.php\/wp-json\/wp\/v2\/product\/2212","targetHints":{"allow":["GET"]}}],"collection":[{"href":"https:\/\/sou9dzair.com\/index.php\/wp-json\/wp\/v2\/product"}],"about":[{"href":"https:\/\/sou9dzair.com\/index.php\/wp-json\/wp\/v2\/types\/product"}],"wp:featuredmedia":[{"embeddable":true,"href":"https:\/\/sou9dzair.com\/index.php\/wp-json\/wp\/v2\/media\/2213"}],"wp:attachment":[{"href":"https:\/\/sou9dzair.com\/index.php\/wp-json\/wp\/v2\/media?parent=2212"}],"wp:term":[{"taxonomy":"product_brand","embeddable":true,"href":"https:\/\/sou9dzair.com\/index.php\/wp-json\/wp\/v2\/product_brand?post=2212"},{"taxonomy":"product_cat","embeddable":true,"href":"https:\/\/sou9dzair.com\/index.php\/wp-json\/wp\/v2\/product_cat?post=2212"},{"taxonomy":"product_tag","embeddable":true,"href":"https:\/\/sou9dzair.com\/index.php\/wp-json\/wp\/v2\/product_tag?post=2212"}],"curies":[{"name":"wp","href":"https:\/\/api.w.org\/{rel}","templated":true}]}}